{"id":3,"date":"2026-03-23T11:39:29","date_gmt":"2026-03-23T16:39:29","guid":{"rendered":"https:\/\/crebols.com\/?page_id=3"},"modified":"2026-03-29T04:21:06","modified_gmt":"2026-03-29T09:21:06","slug":"politica-privacidad","status":"publish","type":"page","link":"https:\/\/crebols.com\/?page_id=3","title":{"rendered":"T\u00e9rminos y Condiciones"},"content":{"rendered":"\t\t<div data-elementor-type=\"wp-page\" data-elementor-id=\"3\" class=\"elementor elementor-3\" data-elementor-post-type=\"page\">\n\t\t\t\t<div class=\"elementor-element elementor-element-636f72da e-flex e-con-boxed e-con e-parent\" data-id=\"636f72da\" data-element_type=\"container\" data-e-type=\"container\">\n\t\t\t\t\t<div class=\"e-con-inner\">\n\t\t\t\t<div class=\"elementor-element elementor-element-779afbf6 elementor-widget elementor-widget-text-editor\" data-id=\"779afbf6\" data-element_type=\"widget\" data-e-type=\"widget\" data-widget_type=\"text-editor.default\">\n\t\t\t\t\t\t\t\t\t\n<p>El acceso y uso de este sitio web se rige bajo los t\u00e9rminos descritos a continuaci\u00f3n:<\/p>\n\n<p>Todas las compras y transacciones que se ejecuten mediante el sistema de ofertas y promociones comprendido en este sitio web se regir\u00e1n por los t\u00e9rminos y condiciones en este documento, as\u00ed como por la legislaci\u00f3n aplicable en nuestro pa\u00eds Ecuador. En consecuencia, estos t\u00e9rminos y condiciones tienen un car\u00e1cter vinculante y, por lo tanto, los usuarios que no deseen aceptarlos deber\u00e1n abstenerse de utilizar este sitio web y\/o sus servicios, pues su uso implica aceptaci\u00f3n incondicional de tales t\u00e9rminos y condiciones.<\/p>\n\n<p>Al usar el sitio web, productos relacionados, usted acepta acatar estos t\u00e9rminos y condiciones. Tambi\u00e9n acepta las condiciones de uso cuando crea una cuenta, ingresa y se registra en el sitio.<\/p>\n\n<p>En la medida en que las disposiciones de cualquier t\u00e9rmino adicional se contradiga con estas Condiciones de uso, regir\u00e1n las disposiciones de los t\u00e9rminos adicionales. Podemos hacer cambios al sitio y a las condiciones de uso. Es su responsabilidad revisar las condiciones de uso para enterarse de actualizaciones o cambios. Si usted no est\u00e1 de acuerdo con estas condiciones de uso, no deber\u00eda usar el sitio.<\/p>\n\n<p>Se entender\u00e1 que los usuarios prestan su consentimiento, expreso, libre y voluntario, a los t\u00e9rminos y condiciones aqu\u00ed establecidos, mediante la aceptaci\u00f3n de los mismos a trav\u00e9s de los medios establecidos en el sitio web.<\/p>\n\n<h4 class=\"wp-block-heading\"><strong>Registro del usuario o cliente<\/strong><\/h4>\n\n<p>Es requisito necesario para la adquisici\u00f3n de productos ofrecidos en este sitio, el registro por parte del usuario, definiendo una clave de acceso y la aceptaci\u00f3n de las Pol\u00edticas de Privacidad.<\/p>\n\n<p>Para registrarse, el cliente deber\u00e1 realizar lo siguiente:<\/p>\n\n<ol class=\"wp-block-list\">\n<li>Ingresar a la opci\u00f3n de Iniciar sesi\u00f3n y registrarse llenando los campos del formulario de registro.<\/li>\n\n<li>Guardar la informaci\u00f3n dando clic al bot\u00f3n \u201c Enviar \u201c.<\/li>\n<\/ol>\n\n<h4 class=\"wp-block-heading\"><strong>Contrase\u00f1a<\/strong><\/h4>\n\n<p>El cliente definir\u00e1, durante su registro, un usuario y contrase\u00f1a que le permitir\u00e1 el acceso personalizado, confidencial y seguro. El cliente registrado tendr\u00e1 la posibilidad de cambiar la contrase\u00f1a de acceso, para lo cual deber\u00e1 sujetarse al procedimiento establecido en este sitio.<\/p>\n\n<p>El cliente registrado asume totalmente la responsabilidad por el mantenimiento de la confidencialidad de su contrase\u00f1a registrada en este sitio web, la cual le permite efectuar compras, obtener informaci\u00f3n del saldo de cr\u00e9dito y solicitar servicios relacionados a su Cr\u00e9dito Directo de Computron. Dicha contrase\u00f1a es de uso personal y su entrega a terceros no involucra responsabilidad de Crebols en caso de mala utilizaci\u00f3n.<\/p>\n\n<h4 class=\"wp-block-heading\"><strong>Uso de los Datos Personales registrados en el sitio web<\/strong><\/h4>\n\n<p>Los datos referidos en estos t\u00e9rminos y condiciones para el registro y compra en l\u00ednea, tendr\u00e1n como finalidad validar las \u00f3rdenes de compra y mejorar la labor de informaci\u00f3n y comercializaci\u00f3n de los productos prestados por Crebols. Esta informaci\u00f3n es de car\u00e1cter confidencial y su manejo se rige por la Pol\u00edtica de Seguridad del sitio.<\/p>\n\n<p>El\u00a0<strong>CLIENTE<\/strong>\u00a0garantiza y responde, en cualquier caso, de la veracidad, exactitud, vigencia y autenticidad de la Informaci\u00f3n Personal facilitada, y se comprometen a mantenerla debidamente actualizada.<\/p>\n\n<p>Una vez registrado\u00a0el\u00a0<strong>CLIENTE<\/strong>\u00a0de los datos podr\u00e1 revisar y cambiar la informaci\u00f3n que ha enviado a\u00a0durante el proceso de registro, incluyendo:<\/p>\n\n<ol class=\"wp-block-list\">\n<li style=\"text-align: left;\">el usuario y direcci\u00f3n de correo electr\u00f3nico. Sin extorsi\u00f3n de los cambios que realice, <strong>Crebols<\/strong>\u00a0conservar\u00e1 la informaci\u00f3n personal anterior por motivos de seguridad y control del fraude.<\/li>\n\n<li style=\"text-align: left;\">la informaci\u00f3n como: domicilio, ciudad, regi\u00f3n, c\u00f3digo postal, n\u00famero principal de tel\u00e9fono, n\u00famero secundario de tel\u00e9fono, etc.<\/li>\n\n<li style=\"text-align: left;\">la clave.<\/li>\n<\/ol>\n\n<h4 class=\"wp-block-heading\"><strong>Garant\u00eda:<\/strong><\/h4>\n\n<p>Los productos cuentan con la Garant\u00eda de 6 meses la cual cubre cualquier defecto de fabricaci\u00f3n en los procesos de confecci\u00f3n, as\u00ed como, en los materialies y accesorios utilizados en su elaboraci\u00f3n.<\/p>\n\n<p>\u00a0<\/p>\n\t\t\t\t\t\t\t\t<\/div>\n\t\t\t\t\t<\/div>\n\t\t\t\t<\/div>\n\t\t\t\t<\/div>\n\t\t","protected":false},"excerpt":{"rendered":"<p>El acceso y uso de este sitio web se rige bajo los t\u00e9rminos descritos a continuaci\u00f3n: Todas las compras y transacciones que se ejecuten mediante el sistema de ofertas y promociones comprendido en este sitio web se regir\u00e1n por los t\u00e9rminos y condiciones en este documento, as\u00ed como por la legislaci\u00f3n aplicable en nuestro pa\u00eds [&hellip;]<\/p>\n","protected":false},"author":1,"featured_media":0,"parent":0,"menu_order":0,"comment_status":"closed","ping_status":"open","template":"","meta":{"pmpro_default_level":"","footnotes":""},"class_list":["post-3","page","type-page","status-publish","hentry","pmpro-has-access"],"_links":{"self":[{"href":"https:\/\/crebols.com\/index.php?rest_route=\/wp\/v2\/pages\/3","targetHints":{"allow":["GET"]}}],"collection":[{"href":"https:\/\/crebols.com\/index.php?rest_route=\/wp\/v2\/pages"}],"about":[{"href":"https:\/\/crebols.com\/index.php?rest_route=\/wp\/v2\/types\/page"}],"author":[{"embeddable":true,"href":"https:\/\/crebols.com\/index.php?rest_route=\/wp\/v2\/users\/1"}],"replies":[{"embeddable":true,"href":"https:\/\/crebols.com\/index.php?rest_route=%2Fwp%2Fv2%2Fcomments&post=3"}],"version-history":[{"count":9,"href":"https:\/\/crebols.com\/index.php?rest_route=\/wp\/v2\/pages\/3\/revisions"}],"predecessor-version":[{"id":5325,"href":"https:\/\/crebols.com\/index.php?rest_route=\/wp\/v2\/pages\/3\/revisions\/5325"}],"wp:attachment":[{"href":"https:\/\/crebols.com\/index.php?rest_route=%2Fwp%2Fv2%2Fmedia&parent=3"}],"curies":[{"name":"wp","href":"https:\/\/api.w.org\/{rel}","templated":true}]}}