{"id":4980,"date":"2026-03-23T10:46:01","date_gmt":"2026-03-23T15:46:01","guid":{"rendered":"http:\/\/demo2.woothemes.com\/woocommerce\/?post_type=product&#038;p=22"},"modified":"2026-03-30T23:54:54","modified_gmt":"2026-03-31T04:54:54","slug":"kitmalepro","status":"publish","type":"product","link":"https:\/\/crebols.com\/?product=kitmalepro","title":{"rendered":"Kit Maleter\u00eda Profesional"},"content":{"rendered":"<p>Dise\u00f1ado para aspirantes a la Polic\u00eda Nacional<br \/>\nEste kit de maleter\u00eda ha sido desarrollado espec\u00edficamente para cumplir con las exigencias y necesidades de los aspirantes, garantizando resistencia, funcionalidad y comodidad durante su proceso de formaci\u00f3n.<\/p>\n","protected":false},"excerpt":{"rendered":"<p>Kit de maleter\u00eda dise\u00f1ado bajo altos est\u00e1ndares de calidad, fabricado en lona y cordura 100% impermeable, garantizando resistencia y durabilidad. Cuenta con forro interior de protecci\u00f3n, cierres reforzados y herrajes de excelente calidad, asegurando un uso confiable en condiciones exigentes.<\/p>\n","protected":false},"featured_media":5230,"template":"","meta":{"pmpro_default_level":""},"product_brand":[],"product_cat":[95],"product_tag":[],"class_list":{"0":"post-4980","1":"product","2":"type-product","3":"status-publish","4":"has-post-thumbnail","6":"product_cat-kitmaleteria","7":"pmpro-has-access","9":"first","10":"instock","11":"featured","12":"sold-individually","13":"shipping-taxable","14":"purchasable","15":"product-type-simple"},"_links":{"self":[{"href":"https:\/\/crebols.com\/index.php?rest_route=\/wp\/v2\/product\/4980","targetHints":{"allow":["GET"]}}],"collection":[{"href":"https:\/\/crebols.com\/index.php?rest_route=\/wp\/v2\/product"}],"about":[{"href":"https:\/\/crebols.com\/index.php?rest_route=\/wp\/v2\/types\/product"}],"version-history":[{"count":3,"href":"https:\/\/crebols.com\/index.php?rest_route=\/wp\/v2\/product\/4980\/revisions"}],"predecessor-version":[{"id":5272,"href":"https:\/\/crebols.com\/index.php?rest_route=\/wp\/v2\/product\/4980\/revisions\/5272"}],"wp:featuredmedia":[{"embeddable":true,"href":"https:\/\/crebols.com\/index.php?rest_route=\/wp\/v2\/media\/5230"}],"wp:attachment":[{"href":"https:\/\/crebols.com\/index.php?rest_route=%2Fwp%2Fv2%2Fmedia&parent=4980"}],"wp:term":[{"taxonomy":"product_brand","embeddable":true,"href":"https:\/\/crebols.com\/index.php?rest_route=%2Fwp%2Fv2%2Fproduct_brand&post=4980"},{"taxonomy":"product_cat","embeddable":true,"href":"https:\/\/crebols.com\/index.php?rest_route=%2Fwp%2Fv2%2Fproduct_cat&post=4980"},{"taxonomy":"product_tag","embeddable":true,"href":"https:\/\/crebols.com\/index.php?rest_route=%2Fwp%2Fv2%2Fproduct_tag&post=4980"}],"curies":[{"name":"wp","href":"https:\/\/api.w.org\/{rel}","templated":true}]}}